{"id":1822,"date":"2022-11-17T11:01:58","date_gmt":"2022-11-17T10:01:58","guid":{"rendered":"https:\/\/www.cosmobile.com\/privacy-policy\/"},"modified":"2022-12-12T12:51:56","modified_gmt":"2022-12-12T11:51:56","slug":"privacy-policy","status":"publish","type":"page","link":"https:\/\/www.cosmobile.com\/en\/privacy-policy\/","title":{"rendered":"Privacy Policy"},"content":{"rendered":"\n<h3 class=\"wp-block-heading\">A CHI SI RIVOLGE?<\/h3>\n\n\n\n<p>La presente informativa \u00e8 rivolta ai soggetti che utilizzeranno i servizi forniti dal sito www.cosmobile.com ossia, nel dettaglio:<\/p>\n\n\n\n<ol class=\"wp-block-list\">\n<li>1. persone fisiche che navigano sul sito web, anche solo in consultazione;<\/li>\n\n\n\n<li>2. persone fisiche che contattano la societ\u00e0 Cosmobile S.r.l. mediante il modulo \u201cContattaci\u201d;<\/li>\n\n\n\n<li>3. persone fisiche che contattano la societ\u00e0 Cosmobile S.r.l. mediante il modulo \u201cLavora con noi\u201d.<\/li>\n<\/ol>\n\n\n\n<p>Nella presente informativa saranno indicati come Interessati.<\/p>\n\n\n\n<h3 class=\"wp-block-heading\">CHI TRATTA I DATI?<\/h3>\n\n\n\n<p>Titolare del trattamento per tutti i trattamenti effettuati in conseguenza dell\u2019utilizzo del sito www.cosmobile.com \u00e8 la societ\u00e0 COSMOBILE S.R.L. (P.IVA 02864441205), societ\u00e0 di diritto italiano corrente in Minerbio (BO), in persona del legale rappresentante pro tempore. Nell\u2019ambito dei trattamenti oggetto di questa informativa, \u00e8 possibile contattare il Titolare del trattamento ai seguenti recapiti:<\/p>\n\n\n\n<ul class=\"wp-block-list\">\n<li>via Europa, 6 \u2022 40061 Minerbio (BO) \u2022 Italia<\/li>\n\n\n\n<li>Tel: +39 051 6601019<\/li>\n<\/ul>\n\n\n\n<p>I dati sono materialmente trattati da dipendenti e collaboratori del Titolare del trattamento, che sono stati preventivamente istruiti e autorizzati al trattamento.<\/p>\n\n\n\n<h3 class=\"wp-block-heading\">QUALI DATI SONO TRATTATI?<\/h3>\n\n\n\n<p>Per la gestione dei servizi forniti mediante il sito web www.cosmobile.com, sono trattati i seguenti dati: Indirizzo IP, posizione, attivit\u00e0 sul sito, per la navigazione sul sito; Nome, Cognome, E-mail (obbligatori), Azienda, Indirizzo, Citt\u00e0, Provincia, CAP, Nazione, Telefono (facoltativi), per entrare in contatto con Cosmobile s.r.l.; Nome, Cognome, Indirizzo, Citt\u00e0, CAP, Telefono, E-mail, Curriculum Vitae, per candidature lavorative spontanee e attivit\u00e0 di recruitment;<\/p>\n\n\n\n<h3 class=\"wp-block-heading\">DOVE SONO TRATTATI I DATI?<\/h3>\n\n\n\n<p>I dati raccolti mediante il sito www.cosmobile.com saranno trattati dal Titolare del trattamento presso le proprie sedi, site in Italia, e dagli eventuali soggetti esterni a cui \u00e8 demandata la gestione amministrativa, organizzativa o tecnologica \u2013 i quali sono stati previamente nominati Responsabili del trattamento \u2013 presso le proprie sedi e filiali, situate nel territorio dell\u2019Unione Europea.<\/p>\n\n\n\n<h3 class=\"wp-block-heading\">COME SONO TRATTATI I DATI?<\/h3>\n\n\n\n<p>I dati sono raccolti presso l\u2019Interessato, mediante l\u2019utilizzo di cookies, oppure mediante invio da parte dello stesso tramite moduli online dedicati al contatto con l\u2019azienda e all\u2019invio di candidature lavorative. Una volta acquisiti, i dati dell\u2019Interessato vengono archiviati e conservati in forma digitale sui sistemi informatici del Titolare del trattamento e\/o dei suoi Responsabili del trattamento.<\/p>\n\n\n\n<p>Per maggiori info sui cookie visitare la pagina&nbsp;<a href=\"https:\/\/www.cosmobile.com\/en\/cookie-policy\/\">cookie policy<\/a>.<\/p>\n\n\n\n<h3 class=\"wp-block-heading\">PER QUALI FINI SONO TRATTATI I DATI?<\/h3>\n\n\n\n<p>I dati raccolti dal Titolare del trattamento sono utilizzati al fine di:<\/p>\n\n\n\n<ul class=\"wp-block-list\">\n<li>il trattamento \u00e8 necessario all\u2019esecuzione di un contratto e\/o all\u2019esecuzione di misure precontrattuali (invio di candidature);<\/li>\n\n\n\n<li>il trattamento \u00e8 basato sul consenso esplicito dell\u2019interessato (navigazione, richieste di contatto).<\/li>\n<\/ul>\n\n\n\n<h3 class=\"wp-block-heading\">SU QUALE BASE GIURIDICA SONO TRATTATI I DATI?<\/h3>\n\n\n\n<p>Il Titolare del trattamento tratter\u00e0 i dati personali dell\u2019Interessato solo nel caso sussista almeno una delle seguenti condizioni:<\/p>\n\n\n\n<ul class=\"wp-block-list\">\n<li>il trattamento \u00e8 necessario all\u2019esecuzione di un contratto e\/o all\u2019esecuzione di misure precontrattuali (invio di candidature);<\/li>\n\n\n\n<li>il trattamento \u00e8 basato sul consenso esplicito dell\u2019interessato (navigazione, richieste di contatto).<\/li>\n<\/ul>\n\n\n\n<p>In ogni caso, sar\u00e0 comunque sempre possibile richiedere al Titolare del trattamento di chiarire la concreta base giuridica di ciascun trattamento e, in particolare, di specificare se il trattamento sia previsto dal contratto, necessario per concludere un contratto o basato sul consenso.<br>Qualora l\u2019Interessato revochi il proprio consenso al trattamento, il Titolare del trattamento potrebbe proseguire il trattamento per obblighi derivanti dalla legge e\/o sulla base giuridica del proprio legittimo interesse.<\/p>\n\n\n\n<h3 class=\"wp-block-heading\">COME SONO PROTETTI I DATI?<\/h3>\n\n\n\n<p>Con l\u2019obiettivo di garantire disponibilit\u00e0, integrit\u00e0 e riservatezza delle informazioni, Cosmobile S.r.l. ha adottato specifiche misure di sicurezza informatiche per tutelare le informazioni da rischi di perdita o distruzione, anche accidentale, dei dati conservati.<br>In particolare, sono state previste, sia a livello fisico che informatico, misure di controllo degli accessi, gestione delle credenziali, limitazioni alla modifica, backup incrementali, sistemi anti-intrusione.<\/p>\n\n\n\n<h3 class=\"wp-block-heading\">\u00c8 OBBLIGATORIO FORNIRE I DATI?<\/h3>\n\n\n\n<p>Il conferimento dei dati da parte dell\u2019Interessato ha natura obbligatoria al fine di adempiere alle richieste dell\u2019Interessato stesso, quali le richieste di contatto e l\u2019invio di candidature spontanee.<br>L\u2019eventuale rifiuto a fornire i dati render\u00e0 impossibile fornire il servizio richiesto impedendo all\u2019Interessato di mettersi in contatto con la Cosmobile S.r.l..<br>Il conferimento dei dati raccolti tramite cookies tecnici \u00e8 obbligatorio per procedere alla navigazione del sito, mentre \u00e8 facoltativo per i cookies analitici e di profilazione.<\/p>\n\n\n\n<h3 class=\"wp-block-heading\">A CHI SONO COMUNICATI I DATI?<\/h3>\n\n\n\n<p>I dati raccolti e trattati dal Titolare del trattamento potranno essere comunicati a soggetti pubblici e privati, in ottemperanza alla vigente normativa o per necessit\u00e0 organizzative, tecniche o informative correlate alle richieste pervenute dall\u2019Interessato.<\/p>\n\n\n\n<h3 class=\"wp-block-heading\">PER QUANTO TEMPO SONO TRATTATI I DATI?<\/h3>\n\n\n\n<p>I dati raccolti tramite il sito www.cosmobile.com sono conservati e trattati unicamente fino a quando permangono le finalit\u00e0 per cui sono stati raccolti, ossia:<\/p>\n\n\n\n<ul class=\"wp-block-list\">\n<li>in caso di navigazione, i dati sono trattati per la durata specificata per ciascun cookie;<\/li>\n\n\n\n<li>in caso di richiesta di contatto, i dati saranno trattati fino a che la richiesta non sia completamente evasa, e comunque per un periodo di tempo non superiore a 12 mesi;<\/li>\n\n\n\n<li>in caso di candidatura spontanea e\/o invio di curriculum vitae, i dati saranno trattati fino a che la procedura di recruitment non sia chiusa ovvero fino a che il profilo del candidato risulter\u00e0 di possibile interesse futuro per Cosmobile S.r.l., e comunque per un periodo di tempo non superiore a 5 anni.<\/li>\n<\/ul>\n\n\n\n<p>Al termine del periodo previsto per ogni attivit\u00e0, i dati saranno distrutti o, eventualmente, anonimizzati per fini statistici.<\/p>\n\n\n\n<h3 class=\"wp-block-heading\">COME SONO TUTELATI GLI INTERESSATI?<\/h3>\n\n\n\n<p>L\u2019Interessato pu\u00f2 tutelare s\u00e9 stesso e i propri dati personali esercitando i diritti previsti dalla vigente normativa, inviando una richiesta in forma libera al Titolare del trattamento.<br>Il Titolare del trattamento risponder\u00e0 nel pi\u00f9 breve tempo possibile, e comunque entro un mese dal ricevimento della domanda oppure, nel caso in cui sia necessario ulteriore tempo per dar corso alla richiesta, entro massimo due mesi; in quest\u2019ultimo caso, il Titolare del trattamento comunicher\u00e0 all\u2019Interessato le motivazioni del ritardo.<br>Nel caso in cui il Titolare del trattamento non ritenga di dover dare corso alla richiesta, comunicher\u00e0 il proprio rifiuto direttamente all\u2019Interessato entro un mese dalla ricezione della domanda. In questo caso, l\u2019Interessato potr\u00e0 proporre reclamo all\u2019Autorit\u00e0 di Controllo del proprio Paese oppure ricorrere all\u2019Autorit\u00e0 Giudiziaria del proprio Paese.<br>L\u2019esercizio dei diritti dell\u2019Interessato \u00e8 gratuito, salvo che le richieste siano manifestatamente infondate o ripetitive: in questo caso, il Titolare del trattamento potr\u00e0 addebitare un contributo spese oppure rifiutare la richiesta.<br>L\u2019Interessato pu\u00f2 esercitare il proprio Diritto di accesso, ai sensi dell\u2019art. 15 Reg. 2016\/679 UE, rivolgendo una richiesta al Titolare del trattamento al fine di ottenere la conferma che sia (o non sia) in corso un trattamento di dati che lo riguardano. Con le stesse modalit\u00e0 pu\u00f2 richiedere di conoscere: quali dati sono trattati e per quali finalit\u00e0; per quanto tempo sono conservati; se i dati sono stati o saranno comunicati ad altri soggetti, ed eventualmente l\u2019identit\u00e0 di questi soggetti e il Paese dove si trovano, oltre all\u2019esistenza di garanzie adeguate per il trasferimento; l\u2019esistenza del diritto a chiedere la rettifica, la limitazione o la cancellazione dei propri dati; l\u2019esistenza del diritto di opporsi al trattamento; l\u2019esistenza del diritto di proporre reclamo a un\u2019Autorit\u00e0 di Controllo; l\u2019esistenza di un processo decisionale automatizzato, compresa la profilazione, e le conseguenze di tale trattamento. L\u2019Interessato ha infine diritto a ricevere gratuitamente una copia dei propri dati personali oggetto di trattamento, purch\u00e9 questo non leda i diritti di altri soggetti; eventuali ulteriori copie richieste potrebbero essere rilasciate dietro pagamento di un contributo spese.<br>L\u2019Interessato pu\u00f2 esercitare il proprio Diritto di rettifica, ai sensi dell\u2019art. 16 Reg. 2016\/679 UE, rivolgendo una richiesta al Titolare del trattamento al fine di far correggere i dati inesatti che lo riguardano. Con le stesse modalit\u00e0, l\u2019Interessato pu\u00f2 chiedere che i dati trattati siano integrati con altri, fornendo una propria dichiarazione in tal senso.<br>L\u2019Interessato pu\u00f2 esercitare il proprio Diritto alla cancellazione, ai sensi dell\u2019art. 17 Reg. 2016\/679 UE, rivolgendo una richiesta al Titolare del trattamento affinch\u00e9 siano cancellati i dati personali raccolti e trattati dalla societ\u00e0 Cosmobile S.r.l. in uno dei seguenti casi: se i dati personali non sono pi\u00f9 necessari rispetto alle finalit\u00e0 per cui sono stati raccolti; se l\u2019Interessato ha revocato il proprio consenso al trattamento; se l\u2019Interessato si \u00e8 opposto al trattamento; se i dati personali sono stati trattati illecitamente dal Titolare del trattamento; se i dati devono essere cancellati per adempiere un obbligo legale a cui \u00e8 soggetto il Titolare del trattamento; se l\u2019Interessato ha un\u2019et\u00e0 inferiore ai 16 anni e le persone che ne esercitano la responsabilit\u00e0 genitoriale non hanno prestato il loro consenso.<br>Se il Titolare del trattamento ha reso pubblici i dati personali dell\u2019Interessato ed \u00e8 obbligato a cancellarli, informer\u00e0 gli eventuali ulteriori soggetti che stanno trattando i dati dell\u2019Interessato della richiesta di cancellazione, limitatamente alla effettiva possibilit\u00e0 tecnica ed economica di questa procedura.<br>L\u2019Interessato pu\u00f2 esercitare il proprio Diritto alla limitazione, ai sensi dell\u2019art. 18 Reg. 2016\/679 UE, rivolgendo una richiesta al Titolare del trattamento affinch\u00e9 il trattamento dei dati sia limitato unicamente alla conservazione dei dati stessi, senza che il Titolare del trattamento possa effettuare altre operazioni, in uno dei seguenti casi: se l\u2019Interessato contesta l\u2019esattezza dei dati, per il tempo necessario al Titolare del trattamento per la verifica; se il trattamento \u00e8 illecito e l\u2019Interessato si oppone alla cancellazione; se il Titolare del trattamento non ha pi\u00f9 bisogno di trattare i dati ma deve conservarli per motivi giudiziari; se l\u2019Interessato si \u00e8 opposto al trattamento, per il tempo necessario alla verifica del bilanciamento tra diritti dell\u2019Interessato e interessi legittimi del Titolare del trattamento.<br>L\u2019Interessato pu\u00f2 esercitare il proprio Diritto di opposizione, ai sensi dell\u2019art. 21 Reg. 2016\/679 UE, in qualsiasi momento e per motivi connessi alla sua situazione particolare. Questo diritto pu\u00f2 essere esercitato inviando una comunicazione al Titolare del trattamento nel caso in cui il trattamento sia fondato sul legittimo interesse del Titolare del trattamento ovvero nel caso in cui i dati siano trattati a fini di ricerca scientifica o a fini statistici.<br>Nel caso in cui l\u2019Interessato ritenga che il trattamento dei propri dati personali sia effettuato in violazione del Regolamento Europeo 2016\/679, questi ha Diritto di proporre reclamo all\u2019Autorit\u00e0 di controllo, ai sensi dell\u2019art. 77 Reg. 2016\/679 UE, scegliendo fra le Autorit\u00e0 di controllo dello Stato membro in cui risiede, dello Stato membro in cui lavora o dello Stato membro in cui si \u00e8 verificata la presunta violazione.<br>In ogni caso, l\u2019Interessato pu\u00f2 agire per la tutela dei propri diritti anche mediante ricorso all\u2019Autorit\u00e0 Amministrativa e\/o Giudiziaria del proprio Paese.<br>L\u2019Interessato pu\u00f2 revocare il consenso al trattamento dei propri dati in qualsiasi momento, con le stesse modalit\u00e0 con cui ha prestato il consenso oppure inviando una comunicazione al Titolare del trattamento. La revoca del consenso non avr\u00e0 effetto sui trattamenti gi\u00e0 effettuati, ma comporter\u00e0 l\u2019interruzione dei trattamenti in corso e la distruzione dei dati dell\u2019Interessato.<\/p>\n\n\n\n<h3 class=\"wp-block-heading\">NORMATIVA E RIFERIMENTI<\/h3>\n\n\n\n<p>La presente informativa \u00e8 resa ai sensi del Regolamento Europeo 2016\/679 e del D.Lgs. 196\/2003, come novellato dal D.Lgs. 101\/2018, nonch\u00e9 ai sensi del Provvedimento Generale 8 maggio 2014 dell\u2019Autorit\u00e0 Garante per la protezione dei dati personali. Questa versione \u00e8 in vigore dal 12.02.2021.<\/p>\n","protected":false},"excerpt":{"rendered":"<p>A CHI SI RIVOLGE? La presente informativa \u00e8 rivolta ai soggetti che utilizzeranno i servizi forniti dal sito www.cosmobile.com&#8230;<\/p>\n","protected":false},"author":3,"featured_media":0,"parent":0,"menu_order":0,"comment_status":"closed","ping_status":"closed","template":"templates\/wide.php","meta":{"_acf_changed":false,"inline_featured_image":false,"footnotes":""},"class_list":["post-1822","page","type-page","status-publish","hentry"],"acf":[],"yoast_head":"<!-- This site is optimized with the Yoast SEO Premium plugin v27.3 (Yoast SEO v27.5) - https:\/\/yoast.com\/product\/yoast-seo-premium-wordpress\/ -->\n<title>Privacy Policy | Cosmobile<\/title>\n<meta name=\"description\" content=\"Soluzioni digitali per proporre, gestire, vendere il tuo prodotto.\" \/>\n<meta name=\"robots\" content=\"index, follow, max-snippet:-1, max-image-preview:large, max-video-preview:-1\" \/>\n<link rel=\"canonical\" href=\"https:\/\/www.cosmobile.com\/en\/privacy-policy\/\" \/>\n<meta property=\"og:locale\" content=\"en_US\" \/>\n<meta property=\"og:type\" content=\"article\" \/>\n<meta property=\"og:title\" content=\"Privacy Policy | Cosmobile\" \/>\n<meta property=\"og:description\" content=\"Soluzioni digitali per proporre, gestire, vendere il tuo prodotto.\" \/>\n<meta property=\"og:url\" content=\"https:\/\/www.cosmobile.com\/en\/privacy-policy\/\" \/>\n<meta property=\"og:site_name\" content=\"Cosmobile\" \/>\n<meta property=\"article:publisher\" content=\"https:\/\/www.facebook.com\/Cosmobile\" \/>\n<meta property=\"article:modified_time\" content=\"2022-12-12T11:51:56+00:00\" \/>\n<meta name=\"twitter:card\" content=\"summary_large_image\" \/>\n<meta name=\"twitter:label1\" content=\"Est. reading time\" \/>\n\t<meta name=\"twitter:data1\" content=\"9 minutes\" \/>\n<script type=\"application\/ld+json\" class=\"yoast-schema-graph\">{\"@context\":\"https:\\\/\\\/schema.org\",\"@graph\":[{\"@type\":\"WebPage\",\"@id\":\"https:\\\/\\\/www.cosmobile.com\\\/en\\\/privacy-policy\\\/\",\"url\":\"https:\\\/\\\/www.cosmobile.com\\\/en\\\/privacy-policy\\\/\",\"name\":\"Privacy Policy | Cosmobile\",\"isPartOf\":{\"@id\":\"https:\\\/\\\/www.cosmobile.com\\\/en\\\/#website\"},\"datePublished\":\"2022-11-17T10:01:58+00:00\",\"dateModified\":\"2022-12-12T11:51:56+00:00\",\"description\":\"Soluzioni digitali per proporre, gestire, vendere il tuo prodotto.\",\"inLanguage\":\"en-US\",\"potentialAction\":[{\"@type\":\"ReadAction\",\"target\":[\"https:\\\/\\\/www.cosmobile.com\\\/en\\\/privacy-policy\\\/\"]}]},{\"@type\":\"WebSite\",\"@id\":\"https:\\\/\\\/www.cosmobile.com\\\/en\\\/#website\",\"url\":\"https:\\\/\\\/www.cosmobile.com\\\/en\\\/\",\"name\":\"Cosmobile\",\"description\":\"Soluzioni digitali per proporre, gestire, vendere il tuo prodotto.\",\"publisher\":{\"@id\":\"https:\\\/\\\/www.cosmobile.com\\\/en\\\/#organization\"},\"potentialAction\":[{\"@type\":\"SearchAction\",\"target\":{\"@type\":\"EntryPoint\",\"urlTemplate\":\"https:\\\/\\\/www.cosmobile.com\\\/en\\\/?s={search_term_string}\"},\"query-input\":{\"@type\":\"PropertyValueSpecification\",\"valueRequired\":true,\"valueName\":\"search_term_string\"}}],\"inLanguage\":\"en-US\"},{\"@type\":\"Organization\",\"@id\":\"https:\\\/\\\/www.cosmobile.com\\\/en\\\/#organization\",\"name\":\"Cosmobile\",\"url\":\"https:\\\/\\\/www.cosmobile.com\\\/en\\\/\",\"logo\":{\"@type\":\"ImageObject\",\"inLanguage\":\"en-US\",\"@id\":\"https:\\\/\\\/www.cosmobile.com\\\/en\\\/#\\\/schema\\\/logo\\\/image\\\/\",\"url\":\"https:\\\/\\\/www.cosmobile.com\\\/wp-content\\\/uploads\\\/2022\\\/11\\\/cosmobile-logo.svg\",\"contentUrl\":\"https:\\\/\\\/www.cosmobile.com\\\/wp-content\\\/uploads\\\/2022\\\/11\\\/cosmobile-logo.svg\",\"caption\":\"Cosmobile\"},\"image\":{\"@id\":\"https:\\\/\\\/www.cosmobile.com\\\/en\\\/#\\\/schema\\\/logo\\\/image\\\/\"},\"sameAs\":[\"https:\\\/\\\/www.facebook.com\\\/Cosmobile\"]}]}<\/script>\n<!-- \/ Yoast SEO Premium plugin. -->","yoast_head_json":{"title":"Privacy Policy | Cosmobile","description":"Soluzioni digitali per proporre, gestire, vendere il tuo prodotto.","robots":{"index":"index","follow":"follow","max-snippet":"max-snippet:-1","max-image-preview":"max-image-preview:large","max-video-preview":"max-video-preview:-1"},"canonical":"https:\/\/www.cosmobile.com\/en\/privacy-policy\/","og_locale":"en_US","og_type":"article","og_title":"Privacy Policy | Cosmobile","og_description":"Soluzioni digitali per proporre, gestire, vendere il tuo prodotto.","og_url":"https:\/\/www.cosmobile.com\/en\/privacy-policy\/","og_site_name":"Cosmobile","article_publisher":"https:\/\/www.facebook.com\/Cosmobile","article_modified_time":"2022-12-12T11:51:56+00:00","twitter_card":"summary_large_image","twitter_misc":{"Est. reading time":"9 minutes"},"schema":{"@context":"https:\/\/schema.org","@graph":[{"@type":"WebPage","@id":"https:\/\/www.cosmobile.com\/en\/privacy-policy\/","url":"https:\/\/www.cosmobile.com\/en\/privacy-policy\/","name":"Privacy Policy | Cosmobile","isPartOf":{"@id":"https:\/\/www.cosmobile.com\/en\/#website"},"datePublished":"2022-11-17T10:01:58+00:00","dateModified":"2022-12-12T11:51:56+00:00","description":"Soluzioni digitali per proporre, gestire, vendere il tuo prodotto.","inLanguage":"en-US","potentialAction":[{"@type":"ReadAction","target":["https:\/\/www.cosmobile.com\/en\/privacy-policy\/"]}]},{"@type":"WebSite","@id":"https:\/\/www.cosmobile.com\/en\/#website","url":"https:\/\/www.cosmobile.com\/en\/","name":"Cosmobile","description":"Soluzioni digitali per proporre, gestire, vendere il tuo prodotto.","publisher":{"@id":"https:\/\/www.cosmobile.com\/en\/#organization"},"potentialAction":[{"@type":"SearchAction","target":{"@type":"EntryPoint","urlTemplate":"https:\/\/www.cosmobile.com\/en\/?s={search_term_string}"},"query-input":{"@type":"PropertyValueSpecification","valueRequired":true,"valueName":"search_term_string"}}],"inLanguage":"en-US"},{"@type":"Organization","@id":"https:\/\/www.cosmobile.com\/en\/#organization","name":"Cosmobile","url":"https:\/\/www.cosmobile.com\/en\/","logo":{"@type":"ImageObject","inLanguage":"en-US","@id":"https:\/\/www.cosmobile.com\/en\/#\/schema\/logo\/image\/","url":"https:\/\/www.cosmobile.com\/wp-content\/uploads\/2022\/11\/cosmobile-logo.svg","contentUrl":"https:\/\/www.cosmobile.com\/wp-content\/uploads\/2022\/11\/cosmobile-logo.svg","caption":"Cosmobile"},"image":{"@id":"https:\/\/www.cosmobile.com\/en\/#\/schema\/logo\/image\/"},"sameAs":["https:\/\/www.facebook.com\/Cosmobile"]}]}},"_links":{"self":[{"href":"https:\/\/www.cosmobile.com\/en\/wp-json\/wp\/v2\/pages\/1822","targetHints":{"allow":["GET"]}}],"collection":[{"href":"https:\/\/www.cosmobile.com\/en\/wp-json\/wp\/v2\/pages"}],"about":[{"href":"https:\/\/www.cosmobile.com\/en\/wp-json\/wp\/v2\/types\/page"}],"author":[{"embeddable":true,"href":"https:\/\/www.cosmobile.com\/en\/wp-json\/wp\/v2\/users\/3"}],"replies":[{"embeddable":true,"href":"https:\/\/www.cosmobile.com\/en\/wp-json\/wp\/v2\/comments?post=1822"}],"version-history":[{"count":4,"href":"https:\/\/www.cosmobile.com\/en\/wp-json\/wp\/v2\/pages\/1822\/revisions"}],"predecessor-version":[{"id":3992,"href":"https:\/\/www.cosmobile.com\/en\/wp-json\/wp\/v2\/pages\/1822\/revisions\/3992"}],"wp:attachment":[{"href":"https:\/\/www.cosmobile.com\/en\/wp-json\/wp\/v2\/media?parent=1822"}],"curies":[{"name":"wp","href":"https:\/\/api.w.org\/{rel}","templated":true}]}}